{"id":5902,"date":"2024-12-07T16:56:17","date_gmt":"2024-12-07T16:56:17","guid":{"rendered":"https:\/\/vagadesign.com\/?page_id=5902"},"modified":"2024-12-07T17:11:54","modified_gmt":"2024-12-07T17:11:54","slug":"adatvedelmi-politika","status":"publish","type":"page","link":"https:\/\/vagadesign.com\/hu\/privacy-policy\/","title":{"rendered":"Adatv\u00e9delmi ir\u00e1nyelvek"},"content":{"rendered":"<div data-elementor-type=\"wp-page\" data-elementor-id=\"5902\" class=\"elementor elementor-5902\" data-elementor-post-type=\"page\">\n\t\t\t\t<div class=\"elementor-element elementor-element-91b19e8 e-flex e-con-boxed e-con e-parent\" data-id=\"91b19e8\" data-element_type=\"container\" data-e-type=\"container\" data-settings=\"{&quot;background_background&quot;:&quot;gradient&quot;}\">\n\t\t\t\t\t<div class=\"e-con-inner\">\n\t\t\t\t<div class=\"elementor-element elementor-element-652f4ff elementor-widget elementor-widget-heading\" data-id=\"652f4ff\" data-element_type=\"widget\" data-e-type=\"widget\" data-widget_type=\"heading.default\">\n\t\t\t\t<div class=\"elementor-widget-container\">\n\t\t\t\t\t<h2 class=\"elementor-heading-title elementor-size-default\">Adatv\u00e9delmi ir\u00e1nyelvek<\/h2>\t\t\t\t<\/div>\n\t\t\t\t<\/div>\n\t\t\t\t\t<\/div>\n\t\t\t\t<\/div>\n\t\t<div class=\"elementor-element elementor-element-c39a968 e-flex e-con-boxed e-con e-parent\" data-id=\"c39a968\" data-element_type=\"container\" data-e-type=\"container\" data-settings=\"{&quot;background_background&quot;:&quot;classic&quot;}\">\n\t\t\t\t\t<div class=\"e-con-inner\">\n\t\t<div class=\"elementor-element elementor-element-7688c0a e-con-full e-flex e-con e-child\" data-id=\"7688c0a\" data-element_type=\"container\" data-e-type=\"container\">\n\t\t<div class=\"elementor-element elementor-element-4e3b1b4 e-con-full e-flex e-con e-child\" data-id=\"4e3b1b4\" data-element_type=\"container\" data-e-type=\"container\">\n\t\t\t\t<div class=\"elementor-element elementor-element-2c1d6df elementor-widget__width-initial elementor-widget-tablet__width-initial elementor-widget elementor-widget-text-editor\" data-id=\"2c1d6df\" data-element_type=\"widget\" data-e-type=\"widget\" data-widget_type=\"text-editor.default\">\n\t\t\t\t<div class=\"elementor-widget-container\">\n\t\t\t\t\t\t\t\t\t<p><span style=\"color: #ff1fb4;\"><strong>Hat\u00e1lyos d\u00e1tum:<\/strong> 07\/12\/2024<\/span><br \/><span style=\"color: #ff1fb4;\"><strong>Utols\u00f3 friss\u00edt\u00e9s:<\/strong> 07\/12\/2024<\/span><\/p><p>A VaGaDesign, amely a k\u00f6vetkez\u0151 c\u00edmen \u00e9rhet\u0151 el <a href=\"https:\/\/vagadesign.com\/hu\/\">https:\/\/vagadesign.com\/<\/a>, az \u00d6n mag\u00e1n\u00e9lete rendk\u00edv\u00fcl fontos sz\u00e1munkra. Ez az Adatv\u00e9delmi szab\u00e1lyzat elmagyar\u00e1zza, hogyan gy\u0171jtj\u00fck, haszn\u00e1ljuk \u00e9s v\u00e9dj\u00fck az \u00d6n adatait a k\u00f6vetkez\u0151kkel \u00f6sszhangban <span style=\"color: #39ff1e;\"><strong>Az Egyes\u00fclt Kir\u00e1lys\u00e1g \u00e1ltal\u00e1nos adatv\u00e9delmi rendelete (UK GDPR)<\/strong><\/span> \u00e9s a <span style=\"color: #39ff1e;\"><strong>Adatv\u00e9delmi t\u00f6rv\u00e9ny 2018<\/strong>.<\/span><\/p><hr \/><h3>\u00a0<\/h3><h3><span style=\"color: #ff1fb4;\"><strong>1. Az \u00e1ltalunk gy\u0171jt\u00f6tt inform\u00e1ci\u00f3k<\/strong><\/span><\/h3><p>K\u00fcl\u00f6nb\u00f6z\u0151 t\u00edpus\u00fa szem\u00e9lyes adatokat gy\u0171jt\u00fcnk \u00e9s dolgozunk fel, t\u00f6bbek k\u00f6z\u00f6tt:<\/p><h4><span style=\"color: #39ff1e;\">a. <strong>Az \u00d6n \u00e1ltal megadott szem\u00e9lyes adatok<\/strong><\/span><\/h4><ul><li>N\u00e9v<\/li><li>E-mail c\u00edm<\/li><li>Telefonsz\u00e1m<\/li><li>A kapcsolatfelv\u00e9teli \u0171rlapjainkon vagy a konzult\u00e1ci\u00f3k sor\u00e1n megadott b\u00e1rmilyen inform\u00e1ci\u00f3<\/li><\/ul><h4><span style=\"color: #39ff1e;\">b. <strong>Automatikusan gy\u0171jt\u00f6tt inform\u00e1ci\u00f3k<\/strong><\/span><\/h4><ul><li>IP-c\u00edm<\/li><li>B\u00f6ng\u00e9sz\u0151 t\u00edpusa \u00e9s verzi\u00f3ja<\/li><li>Eszk\u00f6zinform\u00e1ci\u00f3k<\/li><li>S\u00fctik \u00e9s haszn\u00e1lati adatok<\/li><\/ul><h4><span style=\"color: #39ff1e;\">c. <strong>Harmadik f\u00e9l adatai<\/strong><\/span><\/h4><p>Harmadik f\u00e9l platformjait\u00f3l (pl. k\u00f6z\u00f6ss\u00e9gi m\u00e9dia vagy fizet\u00e9si szolg\u00e1ltat\u00f3k) megkaphatjuk az \u00d6n adatait, amikor \u00d6n kapcsolatba l\u00e9p a tartalmainkkal, vagy v\u00e1s\u00e1rl\u00e1sokat hajt v\u00e9gre.<\/p><hr \/><h3>\u00a0<\/h3><h3><span style=\"color: #ff1fb4;\"><strong>2. Hogyan haszn\u00e1ljuk fel az \u00d6n adatait<\/strong><\/span><\/h3><p>Az \u00d6n adatait a k\u00f6vetkez\u0151 c\u00e9lokra haszn\u00e1ljuk fel:<\/p><ul><li>Szolg\u00e1ltat\u00e1saink ny\u00fajt\u00e1sa, fenntart\u00e1sa \u00e9s jav\u00edt\u00e1sa<\/li><li>A megkeres\u00e9sek megv\u00e1laszol\u00e1sa \u00e9s t\u00e1mogat\u00e1s ny\u00fajt\u00e1sa<\/li><li>Fizet\u00e9sek feldolgoz\u00e1sa \u00e9s szolg\u00e1ltat\u00e1sok\/term\u00e9kek ny\u00fajt\u00e1sa<\/li><li>prom\u00f3ci\u00f3s anyagok k\u00fcld\u00e9se (az \u00d6n hozz\u00e1j\u00e1rul\u00e1s\u00e1val)<\/li><li>A weboldal haszn\u00e1lat\u00e1nak elemz\u00e9se \u00e9s a teljes\u00edtm\u00e9ny jav\u00edt\u00e1sa<\/li><li>Jogi k\u00f6telezetts\u00e9geknek val\u00f3 megfelel\u00e9s<\/li><\/ul><hr \/><h3>\u00a0<\/h3><h3><span style=\"color: #ff1fb4;\"><strong>3. A feldolgoz\u00e1s jogalapja<\/strong><\/span><\/h3><p>Az Egyes\u00fclt Kir\u00e1lys\u00e1g GDPR \u00e9rtelm\u00e9ben a szem\u00e9lyes adatokat a k\u00f6vetkez\u0151 jogalapok alapj\u00e1n kezelj\u00fck:<\/p><ul><li><span style=\"color: #39ff1e;\"><strong>Hozz\u00e1j\u00e1rul\u00e1s:<\/strong><\/span> Amikor \u00d6n kifejezett hozz\u00e1j\u00e1rul\u00e1s\u00e1t adja meghat\u00e1rozott c\u00e9lokra.<\/li><li><span style=\"color: #39ff1e;\"><strong>Szerz\u0151d\u00e9ses sz\u00fcks\u00e9gess\u00e9g:<\/strong><\/span> Az \u00d6nnel szembeni szerz\u0151d\u00e9ses k\u00f6telezetts\u00e9geink teljes\u00edt\u00e9se.<\/li><li><span style=\"color: #39ff1e;\"><strong>Jogi k\u00f6telezetts\u00e9g:<\/strong><\/span> A jogi k\u00f6vetelm\u00e9nyeknek val\u00f3 megfelel\u00e9s \u00e9rdek\u00e9ben.<\/li><li><span style=\"color: #39ff1e;\"><strong>Jogos \u00e9rdekek:<\/strong> <\/span>Jogos \u00fczleti \u00e9rdekeink miatt, felt\u00e9ve, hogy az \u00d6n jogai \u00e9s \u00e9rdekei nem \u00edrj\u00e1k fel\u00fcl ezeket.<\/li><\/ul><hr \/><h3>\u00a0<\/h3><h3><span style=\"color: #ff1fb4;\"><strong>4. Hogyan osztjuk meg az \u00d6n adatait<\/strong><\/span><\/h3><p>Nem adjuk el vagy adjuk b\u00e9rbe az \u00d6n szem\u00e9lyes adatait. Megoszthatjuk azonban az \u00d6n adatait a k\u00f6vetkez\u0151 esetekben:<\/p><ul><li><span style=\"color: #39ff1e;\"><strong>Szolg\u00e1ltat\u00f3k:<\/strong><\/span> Harmadik f\u00e9l szolg\u00e1ltat\u00f3kkal (pl. t\u00e1rhelyszolg\u00e1ltat\u00f3kkal, fizet\u00e9si szolg\u00e1ltat\u00f3kkal), akik seg\u00edtenek szolg\u00e1ltat\u00e1saink ny\u00fajt\u00e1s\u00e1ban.<\/li><li><span style=\"color: #39ff1e;\"><strong>Jogi k\u00f6vetelm\u00e9nyek:<\/strong><\/span> Ha erre t\u00f6rv\u00e9ny k\u00f6telezi, vagy ha \u00e9rv\u00e9nyes jogi k\u00e9r\u00e9sre v\u00e1laszolva.<\/li><li><span style=\"color: #39ff1e;\"><strong>\u00dczleti \u00e1truh\u00e1z\u00e1sok:<\/strong><\/span> Egyes\u00fcl\u00e9s, felv\u00e1s\u00e1rl\u00e1s vagy eszk\u00f6z\u00e9rt\u00e9kes\u00edt\u00e9s eset\u00e9n az \u00d6n adatai tov\u00e1bb\u00edt\u00e1sra ker\u00fclhetnek.<\/li><\/ul><hr \/><h3>\u00a0<\/h3><h3><span style=\"color: #ff1fb4;\"><strong>5. Adatmeg\u0151rz\u00e9s<\/strong><\/span><\/h3><p>Szem\u00e9lyes adatait csak addig \u0151rizz\u00fck meg, am\u00edg az a jelen Adatv\u00e9delmi szab\u00e1lyzatban meghat\u00e1rozott c\u00e9lok teljes\u00edt\u00e9s\u00e9hez, illetve a jogi, sz\u00e1mviteli vagy jelent\u00e9si k\u00f6telezetts\u00e9gek teljes\u00edt\u00e9s\u00e9hez sz\u00fcks\u00e9ges.<\/p><ul><li><span style=\"color: #39ff1e;\"><strong>\u00dcgyf\u00e9ladatok:<\/strong><\/span> Az utols\u00f3 interakci\u00f3t\u00f3l sz\u00e1m\u00edtott 5 \u00e9vig vagy a t\u00f6rv\u00e9ny \u00e1ltal el\u0151\u00edrtak szerint.<\/li><li><span style=\"color: #39ff1e;\"><strong>Marketing adatok:<\/strong><\/span> Meg\u0151rz\u00e9s mindaddig, am\u00edg \u00d6n ki nem l\u00e9p vagy vissza nem vonja a hozz\u00e1j\u00e1rul\u00e1s\u00e1t.<\/li><\/ul><hr \/><h3>\u00a0<\/h3><h3><span style=\"color: #ff1fb4;\"><strong>6. Az \u00d6n jogai<\/strong><\/span><\/h3><p>Az Egyes\u00fclt Kir\u00e1lys\u00e1g GDPR \u00e9rtelm\u00e9ben \u00d6nt a k\u00f6vetkez\u0151 jogok illetik meg:<\/p><ul><li><span style=\"color: #39ff1e;\"><strong>Hozz\u00e1f\u00e9r\u00e9s az adatokhoz:<\/strong><\/span> K\u00e9rjen m\u00e1solatot szem\u00e9lyes adatair\u00f3l.<\/li><li><span style=\"color: #39ff1e;\"><strong>Az \u00d6n adatainak helyesb\u00edt\u00e9se:<\/strong><\/span> A pontatlans\u00e1gok vagy hi\u00e1nyos adatok kijav\u00edt\u00e1sa.<\/li><li><span style=\"color: #39ff1e;\"><strong>T\u00f6r\u00f6lje az adatait:<\/strong><\/span> Bizonyos felt\u00e9telek mellett k\u00e9rheti szem\u00e9lyes adatainak t\u00f6rl\u00e9s\u00e9t.<\/li><li><span style=\"color: #39ff1e;\"><strong>Korl\u00e1tozza a feldolgoz\u00e1st:<\/strong> <\/span>Bizonyos k\u00f6r\u00fclm\u00e9nyek k\u00f6z\u00f6tt korl\u00e1tozza az adatok feldolgoz\u00e1s\u00e1t.<\/li><li><span style=\"color: #39ff1e;\"><strong>Adathordozhat\u00f3s\u00e1g:<\/strong><\/span> k\u00e9rheti adatainak m\u00e1s szolg\u00e1ltat\u00f3hoz t\u00f6rt\u00e9n\u0151 tov\u00e1bb\u00edt\u00e1s\u00e1t.<\/li><li><span style=\"color: #39ff1e;\"><strong>Hozz\u00e1j\u00e1rul\u00e1s visszavon\u00e1sa:<\/strong><\/span> Ha az adatkezel\u00e9s hozz\u00e1j\u00e1rul\u00e1son alapul, \u00d6n b\u00e1rmikor visszavonhatja azt.<\/li><li><span style=\"color: #39ff1e;\"><strong>Tiltakoz\u00e1s a feldolgoz\u00e1s ellen:<\/strong><\/span> A jogos \u00e9rdekeken vagy a k\u00f6zvetlen \u00fczletszerz\u00e9sen alapul\u00f3 adatkezel\u00e9s ellen.<\/li><\/ul><p>Jogai gyakorl\u00e1s\u00e1hoz k\u00e9rj\u00fck, l\u00e9pjen kapcsolatba vel\u00fcnk a k\u00f6vetkez\u0151 c\u00edmen <a href=\"mailto:info@vagadesign.com\">info@vagadesign.com<\/a>. K\u00e9relme feldolgoz\u00e1sa el\u0151tt k\u00e9rhetj\u00fck a szem\u00e9lyazonoss\u00e1g igazol\u00e1s\u00e1t.<\/p><hr \/><h3>\u00a0<\/h3><h3><span style=\"color: #ff1fb4;\"><strong>7. S\u00fctik<\/strong><\/span><\/h3><p>Weboldalunk s\u00fctiket haszn\u00e1l a felhaszn\u00e1l\u00f3i \u00e9lm\u00e9ny fokoz\u00e1sa \u00e9s a weboldal teljes\u00edtm\u00e9ny\u00e9nek elemz\u00e9se \u00e9rdek\u00e9ben.<\/p><h4><span style=\"color: #39ff1e;\">Az \u00e1ltalunk haszn\u00e1lt s\u00fctik t\u00edpusai:<\/span><\/h4><ul><li><span style=\"color: #39ff1e;\"><strong>Sz\u00fcks\u00e9ges s\u00fctik:<\/strong><\/span> A weboldal m\u0171k\u00f6d\u00e9s\u00e9hez elengedhetetlen.<\/li><li><span style=\"color: #39ff1e;\"><strong>Teljes\u00edtm\u00e9nys\u00fctik:<\/strong><\/span> Gy\u0171jts\u00f6n adatokat arr\u00f3l, hogy a felhaszn\u00e1l\u00f3k hogyan l\u00e9pnek kapcsolatba a weboldalunkkal.<\/li><li><span style=\"color: #39ff1e;\"><strong>C\u00e9lz\u00e1si\/Marketing s\u00fctik:<\/strong><\/span> A felhaszn\u00e1l\u00f3i aktivit\u00e1s nyomon k\u00f6vet\u00e9se relev\u00e1ns hirdet\u00e9sek megjelen\u00edt\u00e9s\u00e9hez.<\/li><\/ul><p>A cookie-kra vonatkoz\u00f3 be\u00e1ll\u00edt\u00e1sait a b\u00f6ng\u00e9sz\u0151 be\u00e1ll\u00edt\u00e1sain kereszt\u00fcl vagy a cookie-khoz val\u00f3 hozz\u00e1j\u00e1rul\u00e1s banner\u00fcnk\u00f6n kereszt\u00fcl kezelheti.<\/p><hr \/><h3>\u00a0<\/h3><h3><span style=\"color: #ff1fb4;\"><strong>8. Adatbiztons\u00e1g<\/strong><\/span><\/h3><p>Szem\u00e9lyes adatainak v\u00e9delme \u00e9rdek\u00e9ben szigor\u00fa biztons\u00e1gi int\u00e9zked\u00e9seket alkalmazunk, t\u00f6bbek k\u00f6z\u00f6tt:<\/p><ul><li>Az \u00e9rz\u00e9keny adatok titkos\u00edt\u00e1sa<\/li><li>Rendszeres biztons\u00e1gi ellen\u0151rz\u00e9sek \u00e9s friss\u00edt\u00e9sek<\/li><li>Hozz\u00e1f\u00e9r\u00e9s-ellen\u0151rz\u00e9s \u00e9s biztons\u00e1gos szerverek<\/li><\/ul><p>B\u00e1r igyeksz\u00fcnk megv\u00e9deni az adatait, az interneten kereszt\u00fcl t\u00f6rt\u00e9n\u0151 adat\u00e1tvitel nem garant\u00e1lhat\u00f3 teljesen biztons\u00e1gosnak.<\/p><hr \/><h3>\u00a0<\/h3><h3><span style=\"color: #ff1fb4;\"><strong>9. Harmadik f\u00e9lt\u0151l sz\u00e1rmaz\u00f3 linkek<\/strong><\/span><\/h3><p>Weboldalunk tartalmazhat harmadik felek oldalaira mutat\u00f3 linkeket. Nem vagyunk felel\u0151sek ezen k\u00fcls\u0151 webhelyek adatv\u00e9delmi gyakorlat\u00e1\u00e9rt vagy tartalm\u00e1\u00e9rt. Javasoljuk, hogy olvassa el ezek adatv\u00e9delmi ir\u00e1nyelveit.<\/p><hr \/><h3>\u00a0<\/h3><h3><span style=\"color: #ff1fb4;\"><strong>10. Az Adatv\u00e9delmi szab\u00e1lyzat m\u00f3dos\u00edt\u00e1sai<\/strong><\/span><\/h3><p>Id\u0151r\u0151l id\u0151re friss\u00edthetj\u00fck ezt az Adatv\u00e9delmi szab\u00e1lyzatot, hogy t\u00fckr\u00f6zze a jogi k\u00f6vetelm\u00e9nyekben vagy a gyakorlatunkban bek\u00f6vetkezett v\u00e1ltoz\u00e1sokat. A friss\u00edtett szab\u00e1lyzatot ezen az oldalon tessz\u00fck k\u00f6zz\u00e9 egy \u00faj \"Hat\u00e1lyba l\u00e9p\u00e9si d\u00e1tummal\".<\/p><hr \/><h3>\u00a0<\/h3><h3><span style=\"color: #ff1fb4;\"><strong>11. Kapcsolatfelv\u00e9tel<\/strong><\/span><\/h3><p>Ha b\u00e1rmilyen k\u00e9rd\u00e9se van ezzel az Adatv\u00e9delmi Szab\u00e1lyzattal vagy azzal kapcsolatban, hogy hogyan kezelj\u00fck az adatait, k\u00e9rj\u00fck, l\u00e9pjen kapcsolatba vel\u00fcnk a k\u00f6vetkez\u0151 c\u00edmen:<\/p><p><strong>E-mail:<\/strong> <a href=\"mailto:info@vagadesign.com\">info@vagadesign.com<\/a><\/p><hr \/><p>Ez az adatv\u00e9delmi szab\u00e1lyzat megfelel az Egyes\u00fclt Kir\u00e1lys\u00e1g GDPR-j\u00e1nak \u00e9s a 2018. \u00e9vi adatv\u00e9delmi t\u00f6rv\u00e9nynek. Weboldalunk haszn\u00e1lat\u00e1val \u00d6n hozz\u00e1j\u00e1rul a jelen szab\u00e1lyzatban foglalt felt\u00e9telekhez.<\/p>\t\t\t\t\t\t\t\t<\/div>\n\t\t\t\t<\/div>\n\t\t\t\t<\/div>\n\t\t\t\t<\/div>\n\t\t\t\t\t<\/div>\n\t\t\t\t<\/div>\n\t\t\t\t<\/div>","protected":false},"excerpt":{"rendered":"<p>Privacy Policy Effective Date: 07\/12\/2024Last Updated: 07\/12\/2024 At VaGaDesign, accessible from https:\/\/vagadesign.com\/, your privacy is of utmost importance to us. This Privacy Policy explains how we collect, use, and safeguard your information in compliance with the UK General Data Protection Regulation (UK GDPR) and the Data Protection Act 2018. \u00a0 1. Information We Collect We [&hellip;]<\/p>\n","protected":false},"author":1,"featured_media":0,"parent":0,"menu_order":0,"comment_status":"closed","ping_status":"closed","template":"","meta":{"site-sidebar-layout":"no-sidebar","site-content-layout":"page-builder","ast-site-content-layout":"full-width-container","site-content-style":"default","site-sidebar-style":"default","ast-global-header-display":"","ast-banner-title-visibility":"","ast-main-header-display":"","ast-hfb-above-header-display":"","ast-hfb-below-header-display":"","ast-hfb-mobile-header-display":"","site-post-title":"disabled","ast-breadcrumbs-content":"","ast-featured-img":"disabled","footer-sml-layout":"","ast-disable-related-posts":"","theme-transparent-header-meta":"default","adv-header-id-meta":"","stick-header-meta":"","header-above-stick-meta":"","header-main-stick-meta":"","header-below-stick-meta":"","astra-migrate-meta-layouts":"set","ast-page-background-enabled":"default","ast-page-background-meta":{"desktop":{"background-color":"","background-image":"","background-repeat":"repeat","background-position":"center center","background-size":"auto","background-attachment":"scroll","background-type":"","background-media":"","overlay-type":"","overlay-color":"","overlay-opacity":"","overlay-gradient":""},"tablet":{"background-color":"","background-image":"","background-repeat":"repeat","background-position":"center center","background-size":"auto","background-attachment":"scroll","background-type":"","background-media":"","overlay-type":"","overlay-color":"","overlay-opacity":"","overlay-gradient":""},"mobile":{"background-color":"","background-image":"","background-repeat":"repeat","background-position":"center center","background-size":"auto","background-attachment":"scroll","background-type":"","background-media":"","overlay-type":"","overlay-color":"","overlay-opacity":"","overlay-gradient":""}},"ast-content-background-meta":{"desktop":{"background-color":"var(--ast-global-color-5)","background-image":"","background-repeat":"repeat","background-position":"center center","background-size":"auto","background-attachment":"scroll","background-type":"","background-media":"","overlay-type":"","overlay-color":"","overlay-opacity":"","overlay-gradient":""},"tablet":{"background-color":"var(--ast-global-color-5)","background-image":"","background-repeat":"repeat","background-position":"center center","background-size":"auto","background-attachment":"scroll","background-type":"","background-media":"","overlay-type":"","overlay-color":"","overlay-opacity":"","overlay-gradient":""},"mobile":{"background-color":"var(--ast-global-color-5)","background-image":"","background-repeat":"repeat","background-position":"center center","background-size":"auto","background-attachment":"scroll","background-type":"","background-media":"","overlay-type":"","overlay-color":"","overlay-opacity":"","overlay-gradient":""}},"footnotes":""},"class_list":["post-5902","page","type-page","status-publish","hentry"],"yoast_head":"<!-- This site is optimized with the Yoast SEO plugin v27.1.1 - https:\/\/yoast.com\/product\/yoast-seo-wordpress\/ -->\n<title>Privacy Policy - VaGaDesign<\/title>\n<meta name=\"robots\" content=\"index, follow, max-snippet:-1, max-image-preview:large, max-video-preview:-1\" \/>\n<link rel=\"canonical\" href=\"https:\/\/vagadesign.com\/hu\/adatvedelmi-politika\/\" \/>\n<meta property=\"og:locale\" content=\"hu_HU\" \/>\n<meta property=\"og:type\" content=\"article\" \/>\n<meta property=\"og:title\" content=\"Privacy Policy - VaGaDesign\" \/>\n<meta property=\"og:description\" content=\"Privacy Policy Effective Date: 07\/12\/2024Last Updated: 07\/12\/2024 At VaGaDesign, accessible from https:\/\/vagadesign.com\/, your privacy is of utmost importance to us. This Privacy Policy explains how we collect, use, and safeguard your information in compliance with the UK General Data Protection Regulation (UK GDPR) and the Data Protection Act 2018. \u00a0 1. Information We Collect We [&hellip;]\" \/>\n<meta property=\"og:url\" content=\"https:\/\/vagadesign.com\/hu\/adatvedelmi-politika\/\" \/>\n<meta property=\"og:site_name\" content=\"VaGaDesign\" \/>\n<meta property=\"article:modified_time\" content=\"2024-12-07T17:11:54+00:00\" \/>\n<meta property=\"og:image\" content=\"https:\/\/vagadesign.com\/wp-content\/uploads\/2024\/12\/web-design-technology-browsing-programming-concept-1.webp\" \/>\n\t<meta property=\"og:image:width\" content=\"1920\" \/>\n\t<meta property=\"og:image:height\" content=\"1568\" \/>\n\t<meta property=\"og:image:type\" content=\"image\/webp\" \/>\n<meta name=\"twitter:card\" content=\"summary_large_image\" \/>\n<meta name=\"twitter:label1\" content=\"Becs\u00fclt olvas\u00e1si id\u0151\" \/>\n\t<meta name=\"twitter:data1\" content=\"3 perc\" \/>\n<script type=\"application\/ld+json\" class=\"yoast-schema-graph\">{\"@context\":\"https:\/\/schema.org\",\"@graph\":[{\"@type\":\"WebPage\",\"@id\":\"https:\/\/vagadesign.com\/privacy-policy\/\",\"url\":\"https:\/\/vagadesign.com\/privacy-policy\/\",\"name\":\"Privacy Policy - VaGaDesign\",\"isPartOf\":{\"@id\":\"https:\/\/vagadesign.com\/#website\"},\"datePublished\":\"2024-12-07T16:56:17+00:00\",\"dateModified\":\"2024-12-07T17:11:54+00:00\",\"breadcrumb\":{\"@id\":\"https:\/\/vagadesign.com\/privacy-policy\/#breadcrumb\"},\"inLanguage\":\"hu\",\"potentialAction\":[{\"@type\":\"ReadAction\",\"target\":[\"https:\/\/vagadesign.com\/privacy-policy\/\"]}]},{\"@type\":\"BreadcrumbList\",\"@id\":\"https:\/\/vagadesign.com\/privacy-policy\/#breadcrumb\",\"itemListElement\":[{\"@type\":\"ListItem\",\"position\":1,\"name\":\"Home\",\"item\":\"https:\/\/vagadesign.com\/\"},{\"@type\":\"ListItem\",\"position\":2,\"name\":\"Privacy Policy\"}]},{\"@type\":\"WebSite\",\"@id\":\"https:\/\/vagadesign.com\/#website\",\"url\":\"https:\/\/vagadesign.com\/\",\"name\":\"VaGaDesign\",\"description\":\"At VaGaDesign, we transform ideas into visually stunning and high-performing digital solutions. From sleek websites to powerful e-commerce platforms, we\u2019re here to help you stand out online.\",\"publisher\":{\"@id\":\"https:\/\/vagadesign.com\/#organization\"},\"potentialAction\":[{\"@type\":\"SearchAction\",\"target\":{\"@type\":\"EntryPoint\",\"urlTemplate\":\"https:\/\/vagadesign.com\/?s={search_term_string}\"},\"query-input\":{\"@type\":\"PropertyValueSpecification\",\"valueRequired\":true,\"valueName\":\"search_term_string\"}}],\"inLanguage\":\"hu\"},{\"@type\":\"Organization\",\"@id\":\"https:\/\/vagadesign.com\/#organization\",\"name\":\"VaGaDesign\",\"url\":\"https:\/\/vagadesign.com\/\",\"logo\":{\"@type\":\"ImageObject\",\"inLanguage\":\"hu\",\"@id\":\"https:\/\/vagadesign.com\/#\/schema\/logo\/image\/\",\"url\":\"https:\/\/vagadesign.com\/wp-content\/uploads\/2024\/12\/VaGaDesign-new-logo.webp\",\"contentUrl\":\"https:\/\/vagadesign.com\/wp-content\/uploads\/2024\/12\/VaGaDesign-new-logo.webp\",\"width\":500,\"height\":500,\"caption\":\"VaGaDesign\"},\"image\":{\"@id\":\"https:\/\/vagadesign.com\/#\/schema\/logo\/image\/\"}}]}<\/script>\n<!-- \/ Yoast SEO plugin. -->","yoast_head_json":{"title":"Adatv\u00e9delmi ir\u00e1nyelvek \u2013 VaGaDesign","robots":{"index":"index","follow":"follow","max-snippet":"max-snippet:-1","max-image-preview":"max-image-preview:large","max-video-preview":"max-video-preview:-1"},"canonical":"https:\/\/vagadesign.com\/hu\/adatvedelmi-politika\/","og_locale":"hu_HU","og_type":"article","og_title":"Privacy Policy - VaGaDesign","og_description":"Privacy Policy Effective Date: 07\/12\/2024Last Updated: 07\/12\/2024 At VaGaDesign, accessible from https:\/\/vagadesign.com\/, your privacy is of utmost importance to us. This Privacy Policy explains how we collect, use, and safeguard your information in compliance with the UK General Data Protection Regulation (UK GDPR) and the Data Protection Act 2018. \u00a0 1. Information We Collect We [&hellip;]","og_url":"https:\/\/vagadesign.com\/hu\/adatvedelmi-politika\/","og_site_name":"VaGaDesign","article_modified_time":"2024-12-07T17:11:54+00:00","og_image":[{"width":1920,"height":1568,"url":"https:\/\/vagadesign.com\/wp-content\/uploads\/2024\/12\/web-design-technology-browsing-programming-concept-1.webp","type":"image\/webp"}],"twitter_card":"summary_large_image","twitter_misc":{"Becs\u00fclt olvas\u00e1si id\u0151":"3 perc"},"schema":{"@context":"https:\/\/schema.org","@graph":[{"@type":"WebPage","@id":"https:\/\/vagadesign.com\/privacy-policy\/","url":"https:\/\/vagadesign.com\/privacy-policy\/","name":"Adatv\u00e9delmi ir\u00e1nyelvek \u2013 VaGaDesign","isPartOf":{"@id":"https:\/\/vagadesign.com\/#website"},"datePublished":"2024-12-07T16:56:17+00:00","dateModified":"2024-12-07T17:11:54+00:00","breadcrumb":{"@id":"https:\/\/vagadesign.com\/privacy-policy\/#breadcrumb"},"inLanguage":"hu","potentialAction":[{"@type":"ReadAction","target":["https:\/\/vagadesign.com\/privacy-policy\/"]}]},{"@type":"BreadcrumbList","@id":"https:\/\/vagadesign.com\/privacy-policy\/#breadcrumb","itemListElement":[{"@type":"ListItem","position":1,"name":"Home","item":"https:\/\/vagadesign.com\/"},{"@type":"ListItem","position":2,"name":"Privacy Policy"}]},{"@type":"WebSite","@id":"https:\/\/vagadesign.com\/#website","url":"https:\/\/vagadesign.com\/","name":"VaGaDesign-n\u00e1l","description":"A VaGaDesignn\u00e1l az \u00f6tleteket vizu\u00e1lisan leny\u0171g\u00f6z\u0151 \u00e9s nagy teljes\u00edtm\u00e9ny\u0171 digit\u00e1lis megold\u00e1sokk\u00e1 alak\u00edtjuk. Az eleg\u00e1ns weboldalakt\u00f3l a nagy teljes\u00edtm\u00e9ny\u0171 e-kereskedelmi platformokig seg\u00edt\u00fcnk \u00d6nnek kit\u0171nni az interneten.","publisher":{"@id":"https:\/\/vagadesign.com\/#organization"},"potentialAction":[{"@type":"SearchAction","target":{"@type":"EntryPoint","urlTemplate":"https:\/\/vagadesign.com\/?s={search_term_string}"},"query-input":{"@type":"PropertyValueSpecification","valueRequired":true,"valueName":"search_term_string"}}],"inLanguage":"hu"},{"@type":"Organization","@id":"https:\/\/vagadesign.com\/#organization","name":"VaGaDesign-n\u00e1l","url":"https:\/\/vagadesign.com\/","logo":{"@type":"ImageObject","inLanguage":"hu","@id":"https:\/\/vagadesign.com\/#\/schema\/logo\/image\/","url":"https:\/\/vagadesign.com\/wp-content\/uploads\/2024\/12\/VaGaDesign-new-logo.webp","contentUrl":"https:\/\/vagadesign.com\/wp-content\/uploads\/2024\/12\/VaGaDesign-new-logo.webp","width":500,"height":500,"caption":"VaGaDesign"},"image":{"@id":"https:\/\/vagadesign.com\/#\/schema\/logo\/image\/"}}]}},"_links":{"self":[{"href":"https:\/\/vagadesign.com\/hu\/wp-json\/wp\/v2\/pages\/5902","targetHints":{"allow":["GET"]}}],"collection":[{"href":"https:\/\/vagadesign.com\/hu\/wp-json\/wp\/v2\/pages"}],"about":[{"href":"https:\/\/vagadesign.com\/hu\/wp-json\/wp\/v2\/types\/page"}],"author":[{"embeddable":true,"href":"https:\/\/vagadesign.com\/hu\/wp-json\/wp\/v2\/users\/1"}],"replies":[{"embeddable":true,"href":"https:\/\/vagadesign.com\/hu\/wp-json\/wp\/v2\/comments?post=5902"}],"version-history":[{"count":10,"href":"https:\/\/vagadesign.com\/hu\/wp-json\/wp\/v2\/pages\/5902\/revisions"}],"predecessor-version":[{"id":5913,"href":"https:\/\/vagadesign.com\/hu\/wp-json\/wp\/v2\/pages\/5902\/revisions\/5913"}],"wp:attachment":[{"href":"https:\/\/vagadesign.com\/hu\/wp-json\/wp\/v2\/media?parent=5902"}],"curies":[{"name":"wp","href":"https:\/\/api.w.org\/{rel}","templated":true}]}}