{"id":29,"date":"2024-12-03T19:58:44","date_gmt":"2024-12-03T19:58:44","guid":{"rendered":"https:\/\/vagadesign.com\/contact\/"},"modified":"2025-03-07T11:58:59","modified_gmt":"2025-03-07T11:58:59","slug":"kapcsolatfelvetel","status":"publish","type":"page","link":"https:\/\/vagadesign.com\/hu\/contact\/","title":{"rendered":"Kapcsolat"},"content":{"rendered":"\t\t<div data-elementor-type=\"wp-post\" data-elementor-id=\"29\" class=\"elementor elementor-29\" data-elementor-post-type=\"page\">\n\t\t\t\t<div class=\"elementor-element elementor-element-b522f9b e-flex e-con-boxed e-con e-parent\" data-id=\"b522f9b\" data-element_type=\"container\" data-e-type=\"container\" data-settings=\"{&quot;background_background&quot;:&quot;classic&quot;}\">\n\t\t\t\t\t<div class=\"e-con-inner\">\n\t\t<div class=\"elementor-element elementor-element-746abee e-con-full e-flex e-con e-child\" data-id=\"746abee\" data-element_type=\"container\" data-e-type=\"container\">\n\t\t\t\t<div class=\"elementor-element elementor-element-82a8048 elementor-widget elementor-widget-heading\" data-id=\"82a8048\" data-element_type=\"widget\" data-e-type=\"widget\" data-widget_type=\"heading.default\">\n\t\t\t\t<div class=\"elementor-widget-container\">\n\t\t\t\t\t<h1 class=\"elementor-heading-title elementor-size-default\">Contact Us<\/h1>\t\t\t\t<\/div>\n\t\t\t\t<\/div>\n\t\t\t\t<div class=\"elementor-element elementor-element-0e1385f elementor-widget__width-initial elementor-widget-tablet__width-initial elementor-widget elementor-widget-text-editor\" data-id=\"0e1385f\" data-element_type=\"widget\" data-e-type=\"widget\" data-widget_type=\"text-editor.default\">\n\t\t\t\t<div class=\"elementor-widget-container\">\n\t\t\t\t\t\t\t\t\t<p>We\u2019re here to help you bring your vision to life. Whether you have a project in mind, need a consultation, or just want to learn more about our services, feel free to reach out.<\/p>\t\t\t\t\t\t\t\t<\/div>\n\t\t\t\t<\/div>\n\t\t\t\t<\/div>\n\t\t\t\t\t<\/div>\n\t\t\t\t<\/div>\n\t\t<div class=\"elementor-element elementor-element-68bbb9a e-flex e-con-boxed e-con e-parent\" data-id=\"68bbb9a\" data-element_type=\"container\" data-e-type=\"container\" data-settings=\"{&quot;background_background&quot;:&quot;classic&quot;}\">\n\t\t\t\t\t<div class=\"e-con-inner\">\n\t\t<div class=\"elementor-element elementor-element-47031af e-con-full e-flex e-con e-child\" data-id=\"47031af\" data-element_type=\"container\" data-e-type=\"container\">\n\t\t\t\t<div class=\"elementor-element elementor-element-36bbecc elementor-widget elementor-widget-heading\" data-id=\"36bbecc\" data-element_type=\"widget\" data-e-type=\"widget\" data-widget_type=\"heading.default\">\n\t\t\t\t<div class=\"elementor-widget-container\">\n\t\t\t\t\t<h1 class=\"elementor-heading-title elementor-size-default\">Send Us a Message<\/h1>\t\t\t\t<\/div>\n\t\t\t\t<\/div>\n\t\t\t\t<div class=\"elementor-element elementor-element-bfaab42 elementor-button-align-center elementor-widget elementor-widget-form\" data-id=\"bfaab42\" data-element_type=\"widget\" data-e-type=\"widget\" data-settings=\"{&quot;step_next_label&quot;:&quot;Next&quot;,&quot;step_previous_label&quot;:&quot;Previous&quot;,&quot;button_width&quot;:&quot;100&quot;,&quot;step_type&quot;:&quot;number_text&quot;,&quot;step_icon_shape&quot;:&quot;circle&quot;}\" data-widget_type=\"form.default\">\n\t\t\t\t<div class=\"elementor-widget-container\">\n\t\t\t\t\t\t\t<form class=\"elementor-form\" method=\"post\" id=\"contactusform\" name=\"New Form\" aria-label=\"New Form\">\n\t\t\t<input type=\"hidden\" name=\"post_id\" value=\"29\"\/>\n\t\t\t<input type=\"hidden\" name=\"form_id\" value=\"bfaab42\"\/>\n\t\t\t<input type=\"hidden\" name=\"referer_title\" value=\"Contact - VaGaDesign\" \/>\n\n\t\t\t\t\t\t\t<input type=\"hidden\" name=\"queried_id\" value=\"29\"\/>\n\t\t\t\n\t\t\t<div class=\"elementor-form-fields-wrapper elementor-labels-above\">\n\t\t\t\t\t\t\t\t<div class=\"elementor-field-type-text elementor-field-group elementor-column elementor-field-group-contactusname elementor-col-100 elementor-field-required elementor-mark-required\">\n\t\t\t\t\t\t\t\t\t\t\t\t<label for=\"form-field-contactusname\" class=\"elementor-field-label\">\n\t\t\t\t\t\t\t\tHow can we call you\t\t\t\t\t\t\t<\/label>\n\t\t\t\t\t\t\t\t\t\t\t\t\t\t<input size=\"1\" type=\"text\" name=\"form_fields[contactusname]\" id=\"form-field-contactusname\" class=\"elementor-field elementor-size-sm  elementor-field-textual\" placeholder=\"Type Your Name Here\" required=\"required\">\n\t\t\t\t\t\t\t\t\t\t\t<\/div>\n\t\t\t\t\t\t\t\t<div class=\"elementor-field-type-email elementor-field-group elementor-column elementor-field-group-contactusemail elementor-col-100 elementor-field-required elementor-mark-required\">\n\t\t\t\t\t\t\t\t\t\t\t\t<label for=\"form-field-contactusemail\" class=\"elementor-field-label\">\n\t\t\t\t\t\t\t\tYour Preferred Email\t\t\t\t\t\t\t<\/label>\n\t\t\t\t\t\t\t\t\t\t\t\t\t\t<input size=\"1\" type=\"email\" name=\"form_fields[contactusemail]\" id=\"form-field-contactusemail\" class=\"elementor-field elementor-size-sm  elementor-field-textual\" placeholder=\"Type Your Email Here\" required=\"required\">\n\t\t\t\t\t\t\t\t\t\t\t<\/div>\n\t\t\t\t\t\t\t\t<div class=\"elementor-field-type-number elementor-field-group elementor-column elementor-field-group-contactusnumber elementor-col-100\">\n\t\t\t\t\t\t\t\t\t\t\t\t<label for=\"form-field-contactusnumber\" class=\"elementor-field-label\">\n\t\t\t\t\t\t\t\tGive us your number for a call back (Optional)\t\t\t\t\t\t\t<\/label>\n\t\t\t\t\t\t\t\t\t<input type=\"number\" name=\"form_fields[contactusnumber]\" id=\"form-field-contactusnumber\" class=\"elementor-field elementor-size-sm  elementor-field-textual\" placeholder=\"Type Your Number Here\" min=\"\" max=\"\" >\n\t\t\t\t\t\t<\/div>\n\t\t\t\t\t\t\t\t<div class=\"elementor-field-type-textarea elementor-field-group elementor-column elementor-field-group-contactusmessage elementor-col-100 elementor-field-required elementor-mark-required\">\n\t\t\t\t\t\t\t\t\t\t\t\t<label for=\"form-field-contactusmessage\" class=\"elementor-field-label\">\n\t\t\t\t\t\t\t\tHow Can We Help You?\t\t\t\t\t\t\t<\/label>\n\t\t\t\t\t\t<textarea class=\"elementor-field-textual elementor-field  elementor-size-sm\" name=\"form_fields[contactusmessage]\" id=\"form-field-contactusmessage\" rows=\"8\" placeholder=\"Type Your Message Here\" required=\"required\"><\/textarea>\t\t\t\t<\/div>\n\t\t\t\t\t\t\t\t<div class=\"elementor-field-type-recaptcha_v3 elementor-field-group elementor-column elementor-field-group-field_47df5e7 elementor-col-100 recaptcha_v3-inline\">\n\t\t\t\t\t<div class=\"elementor-field\" id=\"form-field-field_47df5e7\"><div class=\"elementor-g-recaptcha\" data-sitekey=\"6LdQkOwqAAAAAOueeTx_V9K_l8T_gdBlhBkWo58w\" data-type=\"v3\" data-action=\"Form\" data-badge=\"inline\" data-size=\"invisible\"><\/div><\/div>\t\t\t\t<\/div>\n\t\t\t\t\t\t\t\t<div class=\"elementor-field-group elementor-column elementor-field-type-submit elementor-col-100 e-form__buttons\">\n\t\t\t\t\t<button class=\"elementor-button elementor-size-sm elementor-animation-float\" type=\"submit\">\n\t\t\t\t\t\t<span class=\"elementor-button-content-wrapper\">\n\t\t\t\t\t\t\t\t\t\t\t\t\t\t\t\t\t\t\t\t\t\t<span class=\"elementor-button-text\">Submit<\/span>\n\t\t\t\t\t\t\t\t\t\t\t\t\t<\/span>\n\t\t\t\t\t<\/button>\n\t\t\t\t<\/div>\n\t\t\t<\/div>\n\t\t<\/form>\n\t\t\t\t\t\t<\/div>\n\t\t\t\t<\/div>\n\t\t\t\t<div class=\"elementor-element elementor-element-f8e7e51 elementor-widget__width-initial elementor-widget-tablet__width-initial elementor-widget elementor-widget-text-editor\" data-id=\"f8e7e51\" data-element_type=\"widget\" data-e-type=\"widget\" data-widget_type=\"text-editor.default\">\n\t\t\t\t<div class=\"elementor-widget-container\">\n\t\t\t\t\t\t\t\t\t<p>After submitting your message, you should receive a confirmation email.<br \/>We will be in touch with you as soon as we can.<\/p>\t\t\t\t\t\t\t\t<\/div>\n\t\t\t\t<\/div>\n\t\t\t\t<\/div>\n\t\t\t\t\t<\/div>\n\t\t\t\t<\/div>\n\t\t<div class=\"elementor-element elementor-element-457f044 e-flex e-con-boxed e-con e-parent\" data-id=\"457f044\" data-element_type=\"container\" data-e-type=\"container\" data-settings=\"{&quot;background_background&quot;:&quot;classic&quot;}\">\n\t\t\t\t\t<div class=\"e-con-inner\">\n\t\t<div class=\"elementor-element elementor-element-71af1b6 e-con-full e-flex e-con e-child\" data-id=\"71af1b6\" data-element_type=\"container\" data-e-type=\"container\">\n\t\t\t\t<div class=\"elementor-element elementor-element-e9c97bb elementor-widget elementor-widget-heading\" data-id=\"e9c97bb\" data-element_type=\"widget\" data-e-type=\"widget\" data-widget_type=\"heading.default\">\n\t\t\t\t<div class=\"elementor-widget-container\">\n\t\t\t\t\t<h1 class=\"elementor-heading-title elementor-size-default\">Schedule a Consultation<\/h1>\t\t\t\t<\/div>\n\t\t\t\t<\/div>\n\t\t\t\t<div class=\"elementor-element elementor-element-5381dd8 elementor-widget__width-initial elementor-widget-tablet__width-initial elementor-widget elementor-widget-text-editor\" data-id=\"5381dd8\" data-element_type=\"widget\" data-e-type=\"widget\" data-widget_type=\"text-editor.default\">\n\t\t\t\t<div class=\"elementor-widget-container\">\n\t\t\t\t\t\t\t\t\t<p>You can schedule a Google Meet video conference below.<br \/>Book a consultation with us to discuss your project in detail.<\/p>\t\t\t\t\t\t\t\t<\/div>\n\t\t\t\t<\/div>\n\t\t\t\t<div class=\"elementor-element elementor-element-c6975f6 elementor-align-center elementor-widget elementor-widget-button\" data-id=\"c6975f6\" data-element_type=\"widget\" data-e-type=\"widget\" data-widget_type=\"button.default\">\n\t\t\t\t<div class=\"elementor-widget-container\">\n\t\t\t\t\t\t\t\t\t<div class=\"elementor-button-wrapper\">\n\t\t\t\t\t<a class=\"elementor-button elementor-button-link elementor-size-sm elementor-animation-float\" href=\"#elementor-action%3Aaction%3Dpopup%3Aopen%26settings%3DeyJpZCI6IjcyODYiLCJ0b2dnbGUiOmZhbHNlfQ%3D%3D\">\n\t\t\t\t\t\t<span class=\"elementor-button-content-wrapper\">\n\t\t\t\t\t\t\t\t\t<span class=\"elementor-button-text\">Book a Consultation<\/span>\n\t\t\t\t\t<\/span>\n\t\t\t\t\t<\/a>\n\t\t\t\t<\/div>\n\t\t\t\t\t\t\t\t<\/div>\n\t\t\t\t<\/div>\n\t\t\t\t<div class=\"elementor-element elementor-element-07f3eb5 elementor-align-center elementor-widget elementor-widget-lottie\" data-id=\"07f3eb5\" data-element_type=\"widget\" data-e-type=\"widget\" data-settings=\"{&quot;source&quot;:&quot;external_url&quot;,&quot;source_external_url&quot;:{&quot;url&quot;:&quot;https:\\\/\\\/lottie.host\\\/ab20e443-e5c0-4acd-8fef-87403cf93594\\\/DFakDjItNW.json&quot;,&quot;is_external&quot;:&quot;&quot;,&quot;nofollow&quot;:&quot;&quot;,&quot;custom_attributes&quot;:&quot;&quot;},&quot;link_to&quot;:&quot;custom&quot;,&quot;loop&quot;:&quot;yes&quot;,&quot;custom_link&quot;:{&quot;url&quot;:&quot;#elementor-action%3Aaction%3Dpopup%3Aopen%26settings%3DeyJpZCI6IjcyODYiLCJ0b2dnbGUiOmZhbHNlfQ%3D%3D&quot;,&quot;is_external&quot;:&quot;&quot;,&quot;nofollow&quot;:&quot;&quot;,&quot;custom_attributes&quot;:&quot;&quot;},&quot;trigger&quot;:&quot;arriving_to_viewport&quot;,&quot;viewport&quot;:{&quot;unit&quot;:&quot;%&quot;,&quot;size&quot;:&quot;&quot;,&quot;sizes&quot;:{&quot;start&quot;:0,&quot;end&quot;:100}},&quot;play_speed&quot;:{&quot;unit&quot;:&quot;px&quot;,&quot;size&quot;:1,&quot;sizes&quot;:[]},&quot;start_point&quot;:{&quot;unit&quot;:&quot;%&quot;,&quot;size&quot;:0,&quot;sizes&quot;:[]},&quot;end_point&quot;:{&quot;unit&quot;:&quot;%&quot;,&quot;size&quot;:100,&quot;sizes&quot;:[]},&quot;renderer&quot;:&quot;svg&quot;}\" data-widget_type=\"lottie.default\">\n\t\t\t\t<div class=\"elementor-widget-container\">\n\t\t\t\t\t<a class=\"e-lottie__container__link\" href=\"#elementor-action%3Aaction%3Dpopup%3Aopen%26settings%3DeyJpZCI6IjcyODYiLCJ0b2dnbGUiOmZhbHNlfQ%3D%3D\"><div class=\"e-lottie__container\"><div class=\"e-lottie__animation\"><\/div><\/div><\/a>\t\t\t\t<\/div>\n\t\t\t\t<\/div>\n\t\t\t\t<\/div>\n\t\t\t\t\t<\/div>\n\t\t\t\t<\/div>\n\t\t\t\t<\/div>\n\t\t","protected":false},"excerpt":{"rendered":"<p>Contact Us We\u2019re here to help you bring your vision to life. Whether you have a project in mind, need a consultation, or just want to learn more about our services, feel free to reach out. Send Us a Message After submitting your message, you should receive a confirmation email.We will be in touch with [&hellip;]<\/p>\n","protected":false},"author":1,"featured_media":0,"parent":0,"menu_order":0,"comment_status":"closed","ping_status":"closed","template":"","meta":{"site-sidebar-layout":"no-sidebar","site-content-layout":"page-builder","ast-site-content-layout":"default","site-content-style":"default","site-sidebar-style":"default","ast-global-header-display":"","ast-banner-title-visibility":"","ast-main-header-display":"","ast-hfb-above-header-display":"","ast-hfb-below-header-display":"","ast-hfb-mobile-header-display":"","site-post-title":"disabled","ast-breadcrumbs-content":"","ast-featured-img":"disabled","footer-sml-layout":"","ast-disable-related-posts":"","theme-transparent-header-meta":"enabled","adv-header-id-meta":"","stick-header-meta":"","header-above-stick-meta":"","header-main-stick-meta":"","header-below-stick-meta":"","astra-migrate-meta-layouts":"default","ast-page-background-enabled":"default","ast-page-background-meta":{"desktop":{"background-color":"","background-image":"","background-repeat":"repeat","background-position":"center center","background-size":"auto","background-attachment":"scroll","background-type":"","background-media":"","overlay-type":"","overlay-color":"","overlay-opacity":"","overlay-gradient":""},"tablet":{"background-color":"","background-image":"","background-repeat":"repeat","background-position":"center center","background-size":"auto","background-attachment":"scroll","background-type":"","background-media":"","overlay-type":"","overlay-color":"","overlay-opacity":"","overlay-gradient":""},"mobile":{"background-color":"","background-image":"","background-repeat":"repeat","background-position":"center center","background-size":"auto","background-attachment":"scroll","background-type":"","background-media":"","overlay-type":"","overlay-color":"","overlay-opacity":"","overlay-gradient":""}},"ast-content-background-meta":{"desktop":{"background-color":"var(--ast-global-color-5)","background-image":"","background-repeat":"repeat","background-position":"center center","background-size":"auto","background-attachment":"scroll","background-type":"","background-media":"","overlay-type":"","overlay-color":"","overlay-opacity":"","overlay-gradient":""},"tablet":{"background-color":"var(--ast-global-color-5)","background-image":"","background-repeat":"repeat","background-position":"center center","background-size":"auto","background-attachment":"scroll","background-type":"","background-media":"","overlay-type":"","overlay-color":"","overlay-opacity":"","overlay-gradient":""},"mobile":{"background-color":"var(--ast-global-color-5)","background-image":"","background-repeat":"repeat","background-position":"center center","background-size":"auto","background-attachment":"scroll","background-type":"","background-media":"","overlay-type":"","overlay-color":"","overlay-opacity":"","overlay-gradient":""}},"footnotes":""},"class_list":["post-29","page","type-page","status-publish","hentry"],"yoast_head":"<!-- This site is optimized with the Yoast SEO plugin v27.1.1 - https:\/\/yoast.com\/product\/yoast-seo-wordpress\/ -->\n<title>Contact - VaGaDesign<\/title>\n<meta name=\"robots\" content=\"index, follow, max-snippet:-1, max-image-preview:large, max-video-preview:-1\" \/>\n<link rel=\"canonical\" href=\"https:\/\/vagadesign.com\/hu\/kapcsolatfelvetel\/\" \/>\n<meta property=\"og:locale\" content=\"hu_HU\" \/>\n<meta property=\"og:type\" content=\"article\" \/>\n<meta property=\"og:title\" content=\"Contact - VaGaDesign\" \/>\n<meta property=\"og:description\" content=\"Contact Us We\u2019re here to help you bring your vision to life. Whether you have a project in mind, need a consultation, or just want to learn more about our services, feel free to reach out. Send Us a Message After submitting your message, you should receive a confirmation email.We will be in touch with [&hellip;]\" \/>\n<meta property=\"og:url\" content=\"https:\/\/vagadesign.com\/hu\/kapcsolatfelvetel\/\" \/>\n<meta property=\"og:site_name\" content=\"VaGaDesign\" \/>\n<meta property=\"article:modified_time\" content=\"2025-03-07T11:58:59+00:00\" \/>\n<meta property=\"og:image\" content=\"https:\/\/vagadesign.com\/wp-content\/uploads\/2024\/12\/web-design-technology-browsing-programming-concept-1.webp\" \/>\n\t<meta property=\"og:image:width\" content=\"1920\" \/>\n\t<meta property=\"og:image:height\" content=\"1568\" \/>\n\t<meta property=\"og:image:type\" content=\"image\/webp\" \/>\n<meta name=\"twitter:card\" content=\"summary_large_image\" \/>\n<meta name=\"twitter:label1\" content=\"Becs\u00fclt olvas\u00e1si id\u0151\" \/>\n\t<meta name=\"twitter:data1\" content=\"1 perc\" \/>\n<script type=\"application\/ld+json\" class=\"yoast-schema-graph\">{\"@context\":\"https:\/\/schema.org\",\"@graph\":[{\"@type\":\"WebPage\",\"@id\":\"https:\/\/vagadesign.com\/contact\/\",\"url\":\"https:\/\/vagadesign.com\/contact\/\",\"name\":\"Contact - VaGaDesign\",\"isPartOf\":{\"@id\":\"https:\/\/vagadesign.com\/#website\"},\"datePublished\":\"2024-12-03T19:58:44+00:00\",\"dateModified\":\"2025-03-07T11:58:59+00:00\",\"breadcrumb\":{\"@id\":\"https:\/\/vagadesign.com\/contact\/#breadcrumb\"},\"inLanguage\":\"hu\",\"potentialAction\":[{\"@type\":\"ReadAction\",\"target\":[\"https:\/\/vagadesign.com\/contact\/\"]}]},{\"@type\":\"BreadcrumbList\",\"@id\":\"https:\/\/vagadesign.com\/contact\/#breadcrumb\",\"itemListElement\":[{\"@type\":\"ListItem\",\"position\":1,\"name\":\"Home\",\"item\":\"https:\/\/vagadesign.com\/\"},{\"@type\":\"ListItem\",\"position\":2,\"name\":\"Contact\"}]},{\"@type\":\"WebSite\",\"@id\":\"https:\/\/vagadesign.com\/#website\",\"url\":\"https:\/\/vagadesign.com\/\",\"name\":\"VaGaDesign\",\"description\":\"At VaGaDesign, we transform ideas into visually stunning and high-performing digital solutions. From sleek websites to powerful e-commerce platforms, we\u2019re here to help you stand out online.\",\"publisher\":{\"@id\":\"https:\/\/vagadesign.com\/#organization\"},\"potentialAction\":[{\"@type\":\"SearchAction\",\"target\":{\"@type\":\"EntryPoint\",\"urlTemplate\":\"https:\/\/vagadesign.com\/?s={search_term_string}\"},\"query-input\":{\"@type\":\"PropertyValueSpecification\",\"valueRequired\":true,\"valueName\":\"search_term_string\"}}],\"inLanguage\":\"hu\"},{\"@type\":\"Organization\",\"@id\":\"https:\/\/vagadesign.com\/#organization\",\"name\":\"VaGaDesign\",\"url\":\"https:\/\/vagadesign.com\/\",\"logo\":{\"@type\":\"ImageObject\",\"inLanguage\":\"hu\",\"@id\":\"https:\/\/vagadesign.com\/#\/schema\/logo\/image\/\",\"url\":\"https:\/\/vagadesign.com\/wp-content\/uploads\/2024\/12\/VaGaDesign-new-logo.webp\",\"contentUrl\":\"https:\/\/vagadesign.com\/wp-content\/uploads\/2024\/12\/VaGaDesign-new-logo.webp\",\"width\":500,\"height\":500,\"caption\":\"VaGaDesign\"},\"image\":{\"@id\":\"https:\/\/vagadesign.com\/#\/schema\/logo\/image\/\"}}]}<\/script>\n<!-- \/ Yoast SEO plugin. -->","yoast_head_json":{"title":"Kapcsolat - VaGaDesign","robots":{"index":"index","follow":"follow","max-snippet":"max-snippet:-1","max-image-preview":"max-image-preview:large","max-video-preview":"max-video-preview:-1"},"canonical":"https:\/\/vagadesign.com\/hu\/kapcsolatfelvetel\/","og_locale":"hu_HU","og_type":"article","og_title":"Contact - VaGaDesign","og_description":"Contact Us We\u2019re here to help you bring your vision to life. Whether you have a project in mind, need a consultation, or just want to learn more about our services, feel free to reach out. Send Us a Message After submitting your message, you should receive a confirmation email.We will be in touch with [&hellip;]","og_url":"https:\/\/vagadesign.com\/hu\/kapcsolatfelvetel\/","og_site_name":"VaGaDesign","article_modified_time":"2025-03-07T11:58:59+00:00","og_image":[{"width":1920,"height":1568,"url":"https:\/\/vagadesign.com\/wp-content\/uploads\/2024\/12\/web-design-technology-browsing-programming-concept-1.webp","type":"image\/webp"}],"twitter_card":"summary_large_image","twitter_misc":{"Becs\u00fclt olvas\u00e1si id\u0151":"1 perc"},"schema":{"@context":"https:\/\/schema.org","@graph":[{"@type":"WebPage","@id":"https:\/\/vagadesign.com\/contact\/","url":"https:\/\/vagadesign.com\/contact\/","name":"Kapcsolat - VaGaDesign","isPartOf":{"@id":"https:\/\/vagadesign.com\/#website"},"datePublished":"2024-12-03T19:58:44+00:00","dateModified":"2025-03-07T11:58:59+00:00","breadcrumb":{"@id":"https:\/\/vagadesign.com\/contact\/#breadcrumb"},"inLanguage":"hu","potentialAction":[{"@type":"ReadAction","target":["https:\/\/vagadesign.com\/contact\/"]}]},{"@type":"BreadcrumbList","@id":"https:\/\/vagadesign.com\/contact\/#breadcrumb","itemListElement":[{"@type":"ListItem","position":1,"name":"Home","item":"https:\/\/vagadesign.com\/"},{"@type":"ListItem","position":2,"name":"Contact"}]},{"@type":"WebSite","@id":"https:\/\/vagadesign.com\/#website","url":"https:\/\/vagadesign.com\/","name":"VaGaDesign-n\u00e1l","description":"A VaGaDesignn\u00e1l az \u00f6tleteket vizu\u00e1lisan leny\u0171g\u00f6z\u0151 \u00e9s nagy teljes\u00edtm\u00e9ny\u0171 digit\u00e1lis megold\u00e1sokk\u00e1 alak\u00edtjuk. Az eleg\u00e1ns weboldalakt\u00f3l a nagy teljes\u00edtm\u00e9ny\u0171 e-kereskedelmi platformokig seg\u00edt\u00fcnk \u00d6nnek kit\u0171nni az interneten.","publisher":{"@id":"https:\/\/vagadesign.com\/#organization"},"potentialAction":[{"@type":"SearchAction","target":{"@type":"EntryPoint","urlTemplate":"https:\/\/vagadesign.com\/?s={search_term_string}"},"query-input":{"@type":"PropertyValueSpecification","valueRequired":true,"valueName":"search_term_string"}}],"inLanguage":"hu"},{"@type":"Organization","@id":"https:\/\/vagadesign.com\/#organization","name":"VaGaDesign-n\u00e1l","url":"https:\/\/vagadesign.com\/","logo":{"@type":"ImageObject","inLanguage":"hu","@id":"https:\/\/vagadesign.com\/#\/schema\/logo\/image\/","url":"https:\/\/vagadesign.com\/wp-content\/uploads\/2024\/12\/VaGaDesign-new-logo.webp","contentUrl":"https:\/\/vagadesign.com\/wp-content\/uploads\/2024\/12\/VaGaDesign-new-logo.webp","width":500,"height":500,"caption":"VaGaDesign"},"image":{"@id":"https:\/\/vagadesign.com\/#\/schema\/logo\/image\/"}}]}},"_links":{"self":[{"href":"https:\/\/vagadesign.com\/hu\/wp-json\/wp\/v2\/pages\/29","targetHints":{"allow":["GET"]}}],"collection":[{"href":"https:\/\/vagadesign.com\/hu\/wp-json\/wp\/v2\/pages"}],"about":[{"href":"https:\/\/vagadesign.com\/hu\/wp-json\/wp\/v2\/types\/page"}],"author":[{"embeddable":true,"href":"https:\/\/vagadesign.com\/hu\/wp-json\/wp\/v2\/users\/1"}],"replies":[{"embeddable":true,"href":"https:\/\/vagadesign.com\/hu\/wp-json\/wp\/v2\/comments?post=29"}],"version-history":[{"count":270,"href":"https:\/\/vagadesign.com\/hu\/wp-json\/wp\/v2\/pages\/29\/revisions"}],"predecessor-version":[{"id":7432,"href":"https:\/\/vagadesign.com\/hu\/wp-json\/wp\/v2\/pages\/29\/revisions\/7432"}],"wp:attachment":[{"href":"https:\/\/vagadesign.com\/hu\/wp-json\/wp\/v2\/media?parent=29"}],"curies":[{"name":"wp","href":"https:\/\/api.w.org\/{rel}","templated":true}]}}